{"id":25,"date":"2022-03-14T08:37:06","date_gmt":"2022-03-14T08:37:06","guid":{"rendered":"https:\/\/abala.gob.mx\/?page_id=25"},"modified":"2024-07-25T16:22:50","modified_gmt":"2024-07-25T22:22:50","slug":"inicio","status":"publish","type":"page","link":"https:\/\/abala.gob.mx\/","title":{"rendered":"Inicio"},"content":{"rendered":"<h2><\/h2>\r\n&nbsp;\r\n<h2 class=\"wp-block-image size-large\"><img loading=\"lazy\" decoding=\"async\" class=\"size-medium wp-image-26 alignright\" src=\"http:\/\/abala.gob.mx\/wp-content\/uploads\/2022\/03\/bandera-300x225.jpg\" alt=\"\" width=\"300\" height=\"225\" srcset=\"https:\/\/abala.gob.mx\/wp-content\/uploads\/2022\/03\/bandera-300x225.jpg 300w, https:\/\/abala.gob.mx\/wp-content\/uploads\/2022\/03\/bandera-1024x768.jpg 1024w, https:\/\/abala.gob.mx\/wp-content\/uploads\/2022\/03\/bandera-768x576.jpg 768w, https:\/\/abala.gob.mx\/wp-content\/uploads\/2022\/03\/bandera-1536x1152.jpg 1536w, https:\/\/abala.gob.mx\/wp-content\/uploads\/2022\/03\/bandera.jpg 2048w\" sizes=\"auto, (max-width: 300px) 100vw, 300px\" \/>\u00a1Seguimos trabajando para ti!<\/h2>\r\nBienvenidos al portal oficial del Ayuntamiento de Abal\u00e1, Yucat\u00e1n.\r\n\r\nAqu\u00ed, en el coraz\u00f3n de la tierra maya, les extendemos una c\u00e1lida bienvenida a nuestra comunidad, donde la historia, la cultura y la naturaleza se unen para ofrecer una experiencia \u00fanica.\r\n\r\nA trav\u00e9s de este espacio digital, podr\u00e1n acceder a informaci\u00f3n relevante sobre nuestros servicios municipales, eventos locales, proyectos comunitarios y mucho m\u00e1s. Adem\u00e1s, los invitamos a explorar nuestras maravillas naturales y a sumergirse en la riqueza de nuestras tradiciones.\r\n\r\nJuntos, estamos construyendo un futuro prometedor para Abal\u00e1 y sus habitantes.\r\n\r\n\u00a1\u00dananse a nosotros en este emocionante viaje hacia el progreso y la prosperidad!\r\n<div id=\"wp-block-themeisle-blocks-advanced-column-0051dc71\" class=\"wp-block-themeisle-blocks-advanced-column\"><\/div>\r\n<!-- \/wp:post-content -->\r\n\r\n&nbsp;\r\n\r\n<!-- \/wp:themeisle-blocks\/advanced-columns --><!-- \/wp:freeform -->","protected":false},"excerpt":{"rendered":"<p>&nbsp; \u00a1Seguimos trabajando para ti! Bienvenidos al portal oficial del Ayuntamiento de Abal\u00e1, Yucat\u00e1n. Aqu\u00ed, en el coraz\u00f3n de la tierra maya, les extendemos una c\u00e1lida bienvenida a nuestra comunidad,&hellip;<\/p>\n","protected":false},"author":1,"featured_media":0,"parent":0,"menu_order":0,"comment_status":"closed","ping_status":"closed","template":"","meta":{"_themeisle_gutenberg_block_has_review":false,"footnotes":""},"class_list":["post-25","page","type-page","status-publish","hentry"],"_links":{"self":[{"href":"https:\/\/abala.gob.mx\/index.php\/wp-json\/wp\/v2\/pages\/25","targetHints":{"allow":["GET"]}}],"collection":[{"href":"https:\/\/abala.gob.mx\/index.php\/wp-json\/wp\/v2\/pages"}],"about":[{"href":"https:\/\/abala.gob.mx\/index.php\/wp-json\/wp\/v2\/types\/page"}],"author":[{"embeddable":true,"href":"https:\/\/abala.gob.mx\/index.php\/wp-json\/wp\/v2\/users\/1"}],"replies":[{"embeddable":true,"href":"https:\/\/abala.gob.mx\/index.php\/wp-json\/wp\/v2\/comments?post=25"}],"version-history":[{"count":9,"href":"https:\/\/abala.gob.mx\/index.php\/wp-json\/wp\/v2\/pages\/25\/revisions"}],"predecessor-version":[{"id":205,"href":"https:\/\/abala.gob.mx\/index.php\/wp-json\/wp\/v2\/pages\/25\/revisions\/205"}],"wp:attachment":[{"href":"https:\/\/abala.gob.mx\/index.php\/wp-json\/wp\/v2\/media?parent=25"}],"curies":[{"name":"wp","href":"https:\/\/api.w.org\/{rel}","templated":true}]}}