{"id":40,"date":"2022-03-14T08:44:57","date_gmt":"2022-03-14T08:44:57","guid":{"rendered":"https:\/\/abala.gob.mx\/?page_id=40"},"modified":"2024-07-25T16:22:50","modified_gmt":"2024-07-25T22:22:50","slug":"ubicacion","status":"publish","type":"page","link":"https:\/\/abala.gob.mx\/index.php\/ubicacion\/","title":{"rendered":"Ubicaci\u00f3n"},"content":{"rendered":"\n<p>Se localiza entre los meridianos 89\u00b0 48&#8243; y 89\u00b0 34&#8243; de longitud oeste y los paralelos 20\u00b0 35&#8243; y 20\u00b0 47&#8243; latitud norte. Limita al norte con los Municipios de\u00a0<a href=\"https:\/\/www.yucatan.gob.mx\/estado\/ver_municipio.php?id=50\">M\u00e9rida<\/a>\u00a0y\u00a0<a href=\"https:\/\/www.yucatan.gob.mx\/estado\/ver_municipio.php?id=101\">Um\u00e1n<\/a>; al sur con\u00a0<a href=\"https:\/\/www.yucatan.gob.mx\/estado\/ver_municipio.php?id=53\">Muna<\/a>\u00a0y\u00a0<a href=\"https:\/\/www.yucatan.gob.mx\/estado\/ver_municipio.php?id=62\">Sacalum<\/a>; al este con\u00a0<a href=\"https:\/\/www.yucatan.gob.mx\/estado\/ver_municipio.php?id=76\">Tecoh<\/a>\u00a0y al oeste con\u00a0<a href=\"https:\/\/www.yucatan.gob.mx\/estado\/ver_municipio.php?id=101\">Um\u00e1n<\/a>\u00a0y\u00a0<a href=\"https:\/\/www.yucatan.gob.mx\/estado\/ver_municipio.php?id=45\">Kopom\u00e1<\/a>.<\/p>\n\n\n\n<p>Ocupa una superficie de 301.45 kil\u00f3metros cuadrados, que representa el 0.69 por ciento del territorio estatal y el 0.001 por ciento del territorio nacional.<\/p>\n\n\n\n<p><\/p>\n\n\n\n<iframe src=\"https:\/\/www.google.com\/maps\/embed?pb=!1m18!1m12!1m3!1d238926.738055824!2d-89.79417670160305!3d20.660208211525177!2m3!1f0!2f0!3f0!3m2!1i1024!2i768!4f13.1!3m3!1m2!1s0x8f5641063b109eb7%3A0x2a14ded0108bca03!2sAbal%C3%A1%20Municipality%2C%20Yucatan!5e0!3m2!1sen!2smx!4v1647247368132!5m2!1sen!2smx\" width=\"600\" height=\"450\" style=\"border:0;\" allowfullscreen=\"\" loading=\"lazy\"><\/iframe>\n\n\n\n<h2 class=\"wp-block-heading\">Principales localidades<\/h2>\n\n\n\n<p>La cabecera del municipio es Abal\u00e1. Adem\u00e1s de la cabecera el municipio cuenta con seis localidades: Cacao, Uayalceh, Mucuych\u00e9, Peba, Sihunch\u00e9n y Temoz\u00f3n.<\/p>\n\n\n\n<h2 class=\"wp-block-heading\">Regionalizaci\u00f3n pol\u00edtica<\/h2>\n\n\n\n<p>Pertenece al Quinto Distrito Electoral Federal y al Distrito Local Electoral Decimoprimero.<\/p>\n","protected":false},"excerpt":{"rendered":"<p>Se localiza entre los meridianos 89\u00b0 48&#8243; y 89\u00b0 34&#8243; de longitud oeste y los paralelos 20\u00b0 35&#8243; y 20\u00b0 47&#8243; latitud norte. Limita al norte con los Municipios de\u00a0M\u00e9rida\u00a0y\u00a0Um\u00e1n;&hellip;<\/p>\n","protected":false},"author":1,"featured_media":0,"parent":0,"menu_order":0,"comment_status":"closed","ping_status":"closed","template":"","meta":{"_themeisle_gutenberg_block_has_review":false,"footnotes":""},"class_list":["post-40","page","type-page","status-publish","hentry"],"_links":{"self":[{"href":"https:\/\/abala.gob.mx\/index.php\/wp-json\/wp\/v2\/pages\/40","targetHints":{"allow":["GET"]}}],"collection":[{"href":"https:\/\/abala.gob.mx\/index.php\/wp-json\/wp\/v2\/pages"}],"about":[{"href":"https:\/\/abala.gob.mx\/index.php\/wp-json\/wp\/v2\/types\/page"}],"author":[{"embeddable":true,"href":"https:\/\/abala.gob.mx\/index.php\/wp-json\/wp\/v2\/users\/1"}],"replies":[{"embeddable":true,"href":"https:\/\/abala.gob.mx\/index.php\/wp-json\/wp\/v2\/comments?post=40"}],"version-history":[{"count":2,"href":"https:\/\/abala.gob.mx\/index.php\/wp-json\/wp\/v2\/pages\/40\/revisions"}],"predecessor-version":[{"id":47,"href":"https:\/\/abala.gob.mx\/index.php\/wp-json\/wp\/v2\/pages\/40\/revisions\/47"}],"wp:attachment":[{"href":"https:\/\/abala.gob.mx\/index.php\/wp-json\/wp\/v2\/media?parent=40"}],"curies":[{"name":"wp","href":"https:\/\/api.w.org\/{rel}","templated":true}]}}