{"id":58,"date":"2022-03-14T09:19:03","date_gmt":"2022-03-14T09:19:03","guid":{"rendered":"https:\/\/abala.gob.mx\/?page_id=58"},"modified":"2024-07-25T16:22:50","modified_gmt":"2024-07-25T22:22:50","slug":"presidentes-municipales","status":"publish","type":"page","link":"https:\/\/abala.gob.mx\/index.php\/presidentes-municipales\/","title":{"rendered":"Presidentes municipales"},"content":{"rendered":"<ul>\n<li>Mar\u00eda Lorenza Ayala L\u00f3pez. 2021-2024<\/li>\n<li>Arturo Sosa Su\u00e1rez. 2018-2021<\/li>\n<li>Azael Ayala Sosa. 2015-2018<\/li>\n<li>Jos\u00e9 Candelario Ac Canche. 2012-2015<\/li>\n<li>Arturo Sosa Su\u00e1rez. 2010-2012<\/li>\n<li>Cristina Ayala L\u00f3pez. 2007-2010<\/li>\n<li>Justino Sosa Baez. 2004-2007<\/li>\n<li>Arturo Sosa Su\u00e1rez. 2001-2004<\/li>\n<li>Santos Diego Balam Dom\u00ednguez. 1998-2001<\/li>\n<li>Robert Ismael Sosa Medina. 1995-1998<\/li>\n<li>Eleuterio Balam Fuentes. 1994-1995<\/li>\n<li>Carlos Israel Lopez Dom\u00ednguez. 1991-1993<\/li>\n<li>Roman A Dom\u00ednguez Fuentes. 1988-1991<\/li>\n<li>Guillermo Mena Balam. 1985-1987<\/li>\n<li>Roberto Aguayo Caamal. 1982-1984<\/li>\n<li>Rafael Dom\u00ednguez Pech. 1979-1981<\/li>\n<li>Rosendo Sosa Medina. 1976-1978<\/li>\n<li>Onesino Lopez Lopez. 1974-1975<\/li>\n<li>Adriano Sosa Medina. 1971-1973<\/li>\n<li>On\u00e9simo Lopez Lopez. 1968-1970<\/li>\n<li>Jos\u00e9 Apolinar Euan B. 1965-1967<\/li>\n<li>Jos\u00e9 Isabel Sosa M. 1962-1964<\/li>\n<li>Santiago Sosa Ek. 1959-1961<\/li>\n<li>Jos\u00e9 Pech. 1956-1958<\/li>\n<li>Marcelo Narv\u00e1ez Yam. 1953-1955<\/li>\n<li>Enrique Lopez. 1950-1952<\/li>\n<li>Juan Pablo Lopez. 1947-1949<\/li>\n<li>Jos\u00e9 Isabel Dom\u00ednguez. 1945-1946<\/li>\n<li>Alfonso Aguilar Reyes. 1943-1945<\/li>\n<li>Enrique Lopez. 1941-1942<\/li>\n<\/ul>\n","protected":false},"excerpt":{"rendered":"<p>Mar\u00eda Lorenza Ayala L\u00f3pez. 2021-2024 Arturo Sosa Su\u00e1rez. 2018-2021 Azael Ayala Sosa. 2015-2018 Jos\u00e9 Candelario Ac Canche. 2012-2015 Arturo Sosa Su\u00e1rez. 2010-2012 Cristina Ayala L\u00f3pez. 2007-2010 Justino Sosa Baez. 2004-2007&hellip;<\/p>\n","protected":false},"author":1,"featured_media":0,"parent":0,"menu_order":0,"comment_status":"closed","ping_status":"closed","template":"","meta":{"_themeisle_gutenberg_block_has_review":false,"footnotes":""},"class_list":["post-58","page","type-page","status-publish","hentry"],"_links":{"self":[{"href":"https:\/\/abala.gob.mx\/index.php\/wp-json\/wp\/v2\/pages\/58","targetHints":{"allow":["GET"]}}],"collection":[{"href":"https:\/\/abala.gob.mx\/index.php\/wp-json\/wp\/v2\/pages"}],"about":[{"href":"https:\/\/abala.gob.mx\/index.php\/wp-json\/wp\/v2\/types\/page"}],"author":[{"embeddable":true,"href":"https:\/\/abala.gob.mx\/index.php\/wp-json\/wp\/v2\/users\/1"}],"replies":[{"embeddable":true,"href":"https:\/\/abala.gob.mx\/index.php\/wp-json\/wp\/v2\/comments?post=58"}],"version-history":[{"count":1,"href":"https:\/\/abala.gob.mx\/index.php\/wp-json\/wp\/v2\/pages\/58\/revisions"}],"predecessor-version":[{"id":59,"href":"https:\/\/abala.gob.mx\/index.php\/wp-json\/wp\/v2\/pages\/58\/revisions\/59"}],"wp:attachment":[{"href":"https:\/\/abala.gob.mx\/index.php\/wp-json\/wp\/v2\/media?parent=58"}],"curies":[{"name":"wp","href":"https:\/\/api.w.org\/{rel}","templated":true}]}}